{"id":15,"date":"2021-01-18T14:42:08","date_gmt":"2021-01-18T14:42:08","guid":{"rendered":"https:\/\/relevocarimbos.com.br\/?page_id=15"},"modified":"2021-01-18T19:16:48","modified_gmt":"2021-01-18T19:16:48","slug":"carimbos-automaticos","status":"publish","type":"page","link":"https:\/\/relevocarimbos.com.br\/index.php\/carimbos-automaticos\/","title":{"rendered":"Carimbos Autom\u00e1ticos"},"content":{"rendered":"\t\t<div data-elementor-type=\"wp-page\" data-elementor-id=\"15\" class=\"elementor elementor-15\">\n\t\t\t\t\t\t\t\t\t<section class=\"elementor-section elementor-top-section elementor-element elementor-element-4895346 elementor-section-boxed elementor-section-height-default elementor-section-height-default\" data-id=\"4895346\" data-element_type=\"section\">\n\t\t\t\t\t\t<div class=\"elementor-container elementor-column-gap-default\">\n\t\t\t\t\t<div class=\"elementor-column elementor-col-100 elementor-top-column elementor-element elementor-element-d8ea285\" data-id=\"d8ea285\" data-element_type=\"column\">\n\t\t\t<div class=\"elementor-widget-wrap elementor-element-populated\">\n\t\t\t\t\t\t\t\t<div class=\"elementor-element elementor-element-10d03ca elementor-widget elementor-widget-gallery\" data-id=\"10d03ca\" data-element_type=\"widget\" data-settings=\"{&quot;gallery_layout&quot;:&quot;justified&quot;,&quot;ideal_row_height&quot;:{&quot;unit&quot;:&quot;px&quot;,&quot;size&quot;:250,&quot;sizes&quot;:[]},&quot;gap&quot;:{&quot;unit&quot;:&quot;px&quot;,&quot;size&quot;:15,&quot;sizes&quot;:[]},&quot;overlay_title&quot;:&quot;title&quot;,&quot;lazyload&quot;:&quot;yes&quot;,&quot;ideal_row_height_tablet&quot;:{&quot;unit&quot;:&quot;px&quot;,&quot;size&quot;:150,&quot;sizes&quot;:[]},&quot;ideal_row_height_mobile&quot;:{&quot;unit&quot;:&quot;px&quot;,&quot;size&quot;:150,&quot;sizes&quot;:[]},&quot;gap_tablet&quot;:{&quot;unit&quot;:&quot;px&quot;,&quot;size&quot;:10,&quot;sizes&quot;:[]},&quot;gap_mobile&quot;:{&quot;unit&quot;:&quot;px&quot;,&quot;size&quot;:10,&quot;sizes&quot;:[]},&quot;link_to&quot;:&quot;file&quot;,&quot;overlay_background&quot;:&quot;yes&quot;,&quot;content_hover_animation&quot;:&quot;fade-in&quot;}\" data-widget_type=\"gallery.default\">\n\t\t\t\t<div class=\"elementor-widget-container\">\n\t\t\t\t\t<div class=\"elementor-gallery__container\">\n\t\t\t\t\t\t\t<a class=\"e-gallery-item elementor-gallery-item elementor-animated-content\" href=\"https:\/\/relevocarimbos.com.br\/wp-content\/uploads\/2021\/01\/carimbo_chaveiro.jpg\" data-elementor-open-lightbox=\"yes\" data-elementor-lightbox-slideshow=\"all-10d03ca\" data-elementor-lightbox-title=\"Carimbo Flash - Chaveiro\" data-e-action-hash=\"#elementor-action%3Aaction%3Dlightbox%26settings%3DeyJpZCI6MTExLCJ1cmwiOiJodHRwczpcL1wvcmVsZXZvY2FyaW1ib3MuY29tLmJyXC93cC1jb250ZW50XC91cGxvYWRzXC8yMDIxXC8wMVwvY2FyaW1ib19jaGF2ZWlyby5qcGciLCJzbGlkZXNob3ciOiJhbGwtMTBkMDNjYSJ9\">\n\t\t\t\t\t<div class=\"e-gallery-image elementor-gallery-item__image\" data-thumbnail=\"https:\/\/relevocarimbos.com.br\/wp-content\/uploads\/2021\/01\/carimbo_chaveiro.jpg\" data-width=\"800\" data-height=\"600\" alt=\"\" ><\/div>\n\t\t\t\t\t\t\t\t\t\t<div class=\"elementor-gallery-item__overlay\"><\/div>\n\t\t\t\t\t\t\t\t\t\t\t\t\t\t\t<div class=\"elementor-gallery-item__content\">\n\t\t\t\t\t\t\t\t\t\t\t\t\t<div class=\"elementor-gallery-item__title\">Carimbo Flash - Chaveiro<\/div>\n\t\t\t\t\t\t\t\t\t\t\t\t<\/div>\n\t\t\t\t\t\t\t\t\t<\/a>\n\t\t\t\t\t\t\t<a class=\"e-gallery-item elementor-gallery-item elementor-animated-content\" href=\"https:\/\/relevocarimbos.com.br\/wp-content\/uploads\/2021\/01\/mouse_stamp.jpg\" data-elementor-open-lightbox=\"yes\" data-elementor-lightbox-slideshow=\"all-10d03ca\" data-elementor-lightbox-title=\"Carimbo Colop Mouse 20\" data-e-action-hash=\"#elementor-action%3Aaction%3Dlightbox%26settings%3DeyJpZCI6MTE2LCJ1cmwiOiJodHRwczpcL1wvcmVsZXZvY2FyaW1ib3MuY29tLmJyXC93cC1jb250ZW50XC91cGxvYWRzXC8yMDIxXC8wMVwvbW91c2Vfc3RhbXAuanBnIiwic2xpZGVzaG93IjoiYWxsLTEwZDAzY2EifQ%3D%3D\">\n\t\t\t\t\t<div class=\"e-gallery-image elementor-gallery-item__image\" data-thumbnail=\"https:\/\/relevocarimbos.com.br\/wp-content\/uploads\/2021\/01\/mouse_stamp.jpg\" data-width=\"800\" data-height=\"800\" alt=\"mouse_stamp\" ><\/div>\n\t\t\t\t\t\t\t\t\t\t<div class=\"elementor-gallery-item__overlay\"><\/div>\n\t\t\t\t\t\t\t\t\t\t\t\t\t\t\t<div class=\"elementor-gallery-item__content\">\n\t\t\t\t\t\t\t\t\t\t\t\t\t<div class=\"elementor-gallery-item__title\">Carimbo Colop Mouse 20<\/div>\n\t\t\t\t\t\t\t\t\t\t\t\t<\/div>\n\t\t\t\t\t\t\t\t\t<\/a>\n\t\t\t\t\t\t\t<a class=\"e-gallery-item elementor-gallery-item elementor-animated-content\" href=\"https:\/\/relevocarimbos.com.br\/wp-content\/uploads\/2021\/01\/shiny-s722.jpg\" data-elementor-open-lightbox=\"yes\" data-elementor-lightbox-slideshow=\"all-10d03ca\" data-elementor-lightbox-title=\"Carimbo de Bolso Shiny S722\" data-e-action-hash=\"#elementor-action%3Aaction%3Dlightbox%26settings%3DeyJpZCI6MTE3LCJ1cmwiOiJodHRwczpcL1wvcmVsZXZvY2FyaW1ib3MuY29tLmJyXC93cC1jb250ZW50XC91cGxvYWRzXC8yMDIxXC8wMVwvc2hpbnktczcyMi5qcGciLCJzbGlkZXNob3ciOiJhbGwtMTBkMDNjYSJ9\">\n\t\t\t\t\t<div class=\"e-gallery-image elementor-gallery-item__image\" data-thumbnail=\"https:\/\/relevocarimbos.com.br\/wp-content\/uploads\/2021\/01\/shiny-s722.jpg\" data-width=\"459\" data-height=\"346\" alt=\"\" ><\/div>\n\t\t\t\t\t\t\t\t\t\t<div class=\"elementor-gallery-item__overlay\"><\/div>\n\t\t\t\t\t\t\t\t\t\t\t\t\t\t\t<div class=\"elementor-gallery-item__content\">\n\t\t\t\t\t\t\t\t\t\t\t\t\t<div class=\"elementor-gallery-item__title\">Carimbo de Bolso Shiny S722<\/div>\n\t\t\t\t\t\t\t\t\t\t\t\t<\/div>\n\t\t\t\t\t\t\t\t\t<\/a>\n\t\t\t\t\t\t\t<a class=\"e-gallery-item elementor-gallery-item elementor-animated-content\" href=\"https:\/\/relevocarimbos.com.br\/wp-content\/uploads\/2021\/01\/C30.jpg\" data-elementor-open-lightbox=\"yes\" data-elementor-lightbox-slideshow=\"all-10d03ca\" data-elementor-lightbox-title=\"Carimbo Retangular Colop C30\" data-e-action-hash=\"#elementor-action%3Aaction%3Dlightbox%26settings%3DeyJpZCI6MTIxLCJ1cmwiOiJodHRwczpcL1wvcmVsZXZvY2FyaW1ib3MuY29tLmJyXC93cC1jb250ZW50XC91cGxvYWRzXC8yMDIxXC8wMVwvQzMwLmpwZyIsInNsaWRlc2hvdyI6ImFsbC0xMGQwM2NhIn0%3D\">\n\t\t\t\t\t<div class=\"e-gallery-image elementor-gallery-item__image\" data-thumbnail=\"https:\/\/relevocarimbos.com.br\/wp-content\/uploads\/2021\/01\/C30.jpg\" data-width=\"653\" data-height=\"655\" alt=\"\" ><\/div>\n\t\t\t\t\t\t\t\t\t\t<div class=\"elementor-gallery-item__overlay\"><\/div>\n\t\t\t\t\t\t\t\t\t\t\t\t\t\t\t<div class=\"elementor-gallery-item__content\">\n\t\t\t\t\t\t\t\t\t\t\t\t\t<div class=\"elementor-gallery-item__title\">Carimbo Retangular Colop C30<\/div>\n\t\t\t\t\t\t\t\t\t\t\t\t<\/div>\n\t\t\t\t\t\t\t\t\t<\/a>\n\t\t\t\t\t\t\t<a class=\"e-gallery-item elementor-gallery-item elementor-animated-content\" href=\"https:\/\/relevocarimbos.com.br\/wp-content\/uploads\/2021\/01\/Q43.jpg\" data-elementor-open-lightbox=\"yes\" data-elementor-lightbox-slideshow=\"all-10d03ca\" data-elementor-lightbox-title=\"Carimbo Autom\u00e1tico Quadrado Q43\" data-e-action-hash=\"#elementor-action%3Aaction%3Dlightbox%26settings%3DeyJpZCI6MTI1LCJ1cmwiOiJodHRwczpcL1wvcmVsZXZvY2FyaW1ib3MuY29tLmJyXC93cC1jb250ZW50XC91cGxvYWRzXC8yMDIxXC8wMVwvUTQzLmpwZyIsInNsaWRlc2hvdyI6ImFsbC0xMGQwM2NhIn0%3D\">\n\t\t\t\t\t<div class=\"e-gallery-image elementor-gallery-item__image\" data-thumbnail=\"https:\/\/relevocarimbos.com.br\/wp-content\/uploads\/2021\/01\/Q43.jpg\" data-width=\"372\" data-height=\"526\" alt=\"\" ><\/div>\n\t\t\t\t\t\t\t\t\t\t<div class=\"elementor-gallery-item__overlay\"><\/div>\n\t\t\t\t\t\t\t\t\t\t\t\t\t\t\t<div class=\"elementor-gallery-item__content\">\n\t\t\t\t\t\t\t\t\t\t\t\t\t<div class=\"elementor-gallery-item__title\">Carimbo Autom\u00e1tico Quadrado Q43<\/div>\n\t\t\t\t\t\t\t\t\t\t\t\t<\/div>\n\t\t\t\t\t\t\t\t\t<\/a>\n\t\t\t\t\t\t\t<a class=\"e-gallery-item elementor-gallery-item elementor-animated-content\" href=\"https:\/\/relevocarimbos.com.br\/wp-content\/uploads\/2021\/01\/P15.jpg\" data-elementor-open-lightbox=\"yes\" data-elementor-lightbox-slideshow=\"all-10d03ca\" data-elementor-lightbox-title=\"Carimbo Autom\u00e1tico P15 - Assinatura\" data-e-action-hash=\"#elementor-action%3Aaction%3Dlightbox%26settings%3DeyJpZCI6MTI3LCJ1cmwiOiJodHRwczpcL1wvcmVsZXZvY2FyaW1ib3MuY29tLmJyXC93cC1jb250ZW50XC91cGxvYWRzXC8yMDIxXC8wMVwvUDE1LmpwZyIsInNsaWRlc2hvdyI6ImFsbC0xMGQwM2NhIn0%3D\">\n\t\t\t\t\t<div class=\"e-gallery-image elementor-gallery-item__image\" data-thumbnail=\"https:\/\/relevocarimbos.com.br\/wp-content\/uploads\/2021\/01\/P15.jpg\" data-width=\"518\" data-height=\"426\" alt=\"\" ><\/div>\n\t\t\t\t\t\t\t\t\t\t<div class=\"elementor-gallery-item__overlay\"><\/div>\n\t\t\t\t\t\t\t\t\t\t\t\t\t\t\t<div class=\"elementor-gallery-item__content\">\n\t\t\t\t\t\t\t\t\t\t\t\t\t<div class=\"elementor-gallery-item__title\">Carimbo Autom\u00e1tico P15 - Assinatura<\/div>\n\t\t\t\t\t\t\t\t\t\t\t\t<\/div>\n\t\t\t\t\t\t\t\t\t<\/a>\n\t\t\t\t\t\t\t<a class=\"e-gallery-item elementor-gallery-item elementor-animated-content\" href=\"https:\/\/relevocarimbos.com.br\/wp-content\/uploads\/2021\/01\/P55.jpg\" data-elementor-open-lightbox=\"yes\" data-elementor-lightbox-slideshow=\"all-10d03ca\" data-elementor-lightbox-title=\"Carimbo Autom\u00e1tico P55 - CNPJ\" data-e-action-hash=\"#elementor-action%3Aaction%3Dlightbox%26settings%3DeyJpZCI6MTI4LCJ1cmwiOiJodHRwczpcL1wvcmVsZXZvY2FyaW1ib3MuY29tLmJyXC93cC1jb250ZW50XC91cGxvYWRzXC8yMDIxXC8wMVwvUDU1LmpwZyIsInNsaWRlc2hvdyI6ImFsbC0xMGQwM2NhIn0%3D\">\n\t\t\t\t\t<div class=\"e-gallery-image elementor-gallery-item__image\" data-thumbnail=\"https:\/\/relevocarimbos.com.br\/wp-content\/uploads\/2021\/01\/P55.jpg\" data-width=\"800\" data-height=\"800\" alt=\"\" ><\/div>\n\t\t\t\t\t\t\t\t\t\t<div class=\"elementor-gallery-item__overlay\"><\/div>\n\t\t\t\t\t\t\t\t\t\t\t\t\t\t\t<div class=\"elementor-gallery-item__content\">\n\t\t\t\t\t\t\t\t\t\t\t\t\t<div class=\"elementor-gallery-item__title\">Carimbo Autom\u00e1tico P55 - CNPJ<\/div>\n\t\t\t\t\t\t\t\t\t\t\t\t<\/div>\n\t\t\t\t\t\t\t\t\t<\/a>\n\t\t\t\t\t\t\t<a class=\"e-gallery-item elementor-gallery-item elementor-animated-content\" href=\"https:\/\/relevocarimbos.com.br\/wp-content\/uploads\/2021\/01\/P60.jpg\" data-elementor-open-lightbox=\"yes\" data-elementor-lightbox-slideshow=\"all-10d03ca\" data-elementor-lightbox-title=\"Carimbo Autom\u00e1tico P60 - 74x37mm\" data-e-action-hash=\"#elementor-action%3Aaction%3Dlightbox%26settings%3DeyJpZCI6MTI5LCJ1cmwiOiJodHRwczpcL1wvcmVsZXZvY2FyaW1ib3MuY29tLmJyXC93cC1jb250ZW50XC91cGxvYWRzXC8yMDIxXC8wMVwvUDYwLmpwZyIsInNsaWRlc2hvdyI6ImFsbC0xMGQwM2NhIn0%3D\">\n\t\t\t\t\t<div class=\"e-gallery-image elementor-gallery-item__image\" data-thumbnail=\"https:\/\/relevocarimbos.com.br\/wp-content\/uploads\/2021\/01\/P60.jpg\" data-width=\"800\" data-height=\"813\" alt=\"\" ><\/div>\n\t\t\t\t\t\t\t\t\t\t<div class=\"elementor-gallery-item__overlay\"><\/div>\n\t\t\t\t\t\t\t\t\t\t\t\t\t\t\t<div class=\"elementor-gallery-item__content\">\n\t\t\t\t\t\t\t\t\t\t\t\t\t<div class=\"elementor-gallery-item__title\">Carimbo Autom\u00e1tico P60 - 74x37mm<\/div>\n\t\t\t\t\t\t\t\t\t\t\t\t<\/div>\n\t\t\t\t\t\t\t\t\t<\/a>\n\t\t\t\t\t<\/div>\n\t\t\t<\/div>\n\t\t\t\t<\/div>\n\t\t\t\t\t<\/div>\n\t\t<\/div>\n\t\t\t\t\t\t\t<\/div>\n\t\t<\/section>\n\t\t\t\t\t\t\t<\/div>\n\t\t","protected":false},"excerpt":{"rendered":"<p>Carimbo Flash &#8211; Chaveiro Carimbo Colop Mouse 20 Carimbo de Bolso Shiny S722 Carimbo Retangular Colop C30 Carimbo Autom\u00e1tico Quadrado Q43 Carimbo Autom\u00e1tico P15 &#8211; Assinatura Carimbo Autom\u00e1tico P55 &#8211; CNPJ Carimbo Autom\u00e1tico P60 &#8211; 74x37mm<\/p>\n","protected":false},"author":1,"featured_media":0,"parent":0,"menu_order":0,"comment_status":"closed","ping_status":"closed","template":"elementor_header_footer","meta":{"footnotes":""},"_links":{"self":[{"href":"https:\/\/relevocarimbos.com.br\/index.php\/wp-json\/wp\/v2\/pages\/15"}],"collection":[{"href":"https:\/\/relevocarimbos.com.br\/index.php\/wp-json\/wp\/v2\/pages"}],"about":[{"href":"https:\/\/relevocarimbos.com.br\/index.php\/wp-json\/wp\/v2\/types\/page"}],"author":[{"embeddable":true,"href":"https:\/\/relevocarimbos.com.br\/index.php\/wp-json\/wp\/v2\/users\/1"}],"replies":[{"embeddable":true,"href":"https:\/\/relevocarimbos.com.br\/index.php\/wp-json\/wp\/v2\/comments?post=15"}],"version-history":[{"count":0,"href":"https:\/\/relevocarimbos.com.br\/index.php\/wp-json\/wp\/v2\/pages\/15\/revisions"}],"wp:attachment":[{"href":"https:\/\/relevocarimbos.com.br\/index.php\/wp-json\/wp\/v2\/media?parent=15"}],"curies":[{"name":"wp","href":"https:\/\/api.w.org\/{rel}","templated":true}]}}