{"id":17,"date":"2021-01-18T14:42:20","date_gmt":"2021-01-18T14:42:20","guid":{"rendered":"https:\/\/relevocarimbos.com.br\/?page_id=17"},"modified":"2021-01-18T21:06:47","modified_gmt":"2021-01-18T21:06:47","slug":"carimbos-numeradores","status":"publish","type":"page","link":"https:\/\/relevocarimbos.com.br\/index.php\/carimbos-numeradores\/","title":{"rendered":"Carimbos Numeradores"},"content":{"rendered":"\t\t<div data-elementor-type=\"wp-page\" data-elementor-id=\"17\" class=\"elementor elementor-17\">\n\t\t\t\t\t\t\t\t\t<section class=\"elementor-section elementor-top-section elementor-element elementor-element-5682d24 elementor-section-boxed elementor-section-height-default elementor-section-height-default\" data-id=\"5682d24\" data-element_type=\"section\">\n\t\t\t\t\t\t<div class=\"elementor-container elementor-column-gap-default\">\n\t\t\t\t\t<div class=\"elementor-column elementor-col-100 elementor-top-column elementor-element elementor-element-bd438e9\" data-id=\"bd438e9\" data-element_type=\"column\">\n\t\t\t<div class=\"elementor-widget-wrap elementor-element-populated\">\n\t\t\t\t\t\t\t\t<div class=\"elementor-element elementor-element-b47228b elementor-widget elementor-widget-gallery\" data-id=\"b47228b\" data-element_type=\"widget\" data-settings=\"{&quot;gallery_layout&quot;:&quot;justified&quot;,&quot;ideal_row_height&quot;:{&quot;unit&quot;:&quot;px&quot;,&quot;size&quot;:300,&quot;sizes&quot;:[]},&quot;gap&quot;:{&quot;unit&quot;:&quot;px&quot;,&quot;size&quot;:15,&quot;sizes&quot;:[]},&quot;overlay_title&quot;:&quot;title&quot;,&quot;lazyload&quot;:&quot;yes&quot;,&quot;ideal_row_height_tablet&quot;:{&quot;unit&quot;:&quot;px&quot;,&quot;size&quot;:150,&quot;sizes&quot;:[]},&quot;ideal_row_height_mobile&quot;:{&quot;unit&quot;:&quot;px&quot;,&quot;size&quot;:150,&quot;sizes&quot;:[]},&quot;gap_tablet&quot;:{&quot;unit&quot;:&quot;px&quot;,&quot;size&quot;:10,&quot;sizes&quot;:[]},&quot;gap_mobile&quot;:{&quot;unit&quot;:&quot;px&quot;,&quot;size&quot;:10,&quot;sizes&quot;:[]},&quot;link_to&quot;:&quot;file&quot;,&quot;overlay_background&quot;:&quot;yes&quot;,&quot;content_hover_animation&quot;:&quot;fade-in&quot;}\" data-widget_type=\"gallery.default\">\n\t\t\t\t<div class=\"elementor-widget-container\">\n\t\t\t\t\t<div class=\"elementor-gallery__container\">\n\t\t\t\t\t\t\t<a class=\"e-gallery-item elementor-gallery-item elementor-animated-content\" href=\"https:\/\/relevocarimbos.com.br\/wp-content\/uploads\/2021\/01\/Datador-Classico.jpg\" data-elementor-open-lightbox=\"yes\" data-elementor-lightbox-slideshow=\"all-b47228b\" data-elementor-lightbox-title=\"Datador Classico\" data-e-action-hash=\"#elementor-action%3Aaction%3Dlightbox%26settings%3DeyJpZCI6MTQzLCJ1cmwiOiJodHRwczpcL1wvcmVsZXZvY2FyaW1ib3MuY29tLmJyXC93cC1jb250ZW50XC91cGxvYWRzXC8yMDIxXC8wMVwvRGF0YWRvci1DbGFzc2ljby5qcGciLCJzbGlkZXNob3ciOiJhbGwtYjQ3MjI4YiJ9\">\n\t\t\t\t\t<div class=\"e-gallery-image elementor-gallery-item__image\" data-thumbnail=\"https:\/\/relevocarimbos.com.br\/wp-content\/uploads\/2021\/01\/Datador-Classico.jpg\" data-width=\"264\" data-height=\"528\" alt=\"\" ><\/div>\n\t\t\t\t\t\t\t\t\t\t<div class=\"elementor-gallery-item__overlay\"><\/div>\n\t\t\t\t\t\t\t\t\t\t\t\t\t\t\t<div class=\"elementor-gallery-item__content\">\n\t\t\t\t\t\t\t\t\t\t\t\t\t<div class=\"elementor-gallery-item__title\">Datador Classico<\/div>\n\t\t\t\t\t\t\t\t\t\t\t\t<\/div>\n\t\t\t\t\t\t\t\t\t<\/a>\n\t\t\t\t\t\t\t<a class=\"e-gallery-item elementor-gallery-item elementor-animated-content\" href=\"https:\/\/relevocarimbos.com.br\/wp-content\/uploads\/2021\/01\/Datador-Automatico-Retangular-com-Base-de-Texto.jpg\" data-elementor-open-lightbox=\"yes\" data-elementor-lightbox-slideshow=\"all-b47228b\" data-elementor-lightbox-title=\"Datador Autom\u00e1tico Retangular com Base de Texto\" data-e-action-hash=\"#elementor-action%3Aaction%3Dlightbox%26settings%3DeyJpZCI6MTQ0LCJ1cmwiOiJodHRwczpcL1wvcmVsZXZvY2FyaW1ib3MuY29tLmJyXC93cC1jb250ZW50XC91cGxvYWRzXC8yMDIxXC8wMVwvRGF0YWRvci1BdXRvbWF0aWNvLVJldGFuZ3VsYXItY29tLUJhc2UtZGUtVGV4dG8uanBnIiwic2xpZGVzaG93IjoiYWxsLWI0NzIyOGIifQ%3D%3D\">\n\t\t\t\t\t<div class=\"e-gallery-image elementor-gallery-item__image\" data-thumbnail=\"https:\/\/relevocarimbos.com.br\/wp-content\/uploads\/2021\/01\/Datador-Automatico-Retangular-com-Base-de-Texto.jpg\" data-width=\"349\" data-height=\"519\" alt=\"\" ><\/div>\n\t\t\t\t\t\t\t\t\t\t<div class=\"elementor-gallery-item__overlay\"><\/div>\n\t\t\t\t\t\t\t\t\t\t\t\t\t\t\t<div class=\"elementor-gallery-item__content\">\n\t\t\t\t\t\t\t\t\t\t\t\t\t<div class=\"elementor-gallery-item__title\">Datador Autom\u00e1tico Retangular com Base de Texto<\/div>\n\t\t\t\t\t\t\t\t\t\t\t\t<\/div>\n\t\t\t\t\t\t\t\t\t<\/a>\n\t\t\t\t\t\t\t<a class=\"e-gallery-item elementor-gallery-item elementor-animated-content\" href=\"https:\/\/relevocarimbos.com.br\/wp-content\/uploads\/2021\/01\/atador-Automatico-Relogio.jpg\" data-elementor-open-lightbox=\"yes\" data-elementor-lightbox-slideshow=\"all-b47228b\" data-elementor-lightbox-title=\"Datador Rel\u00f3gio Colop\" data-e-action-hash=\"#elementor-action%3Aaction%3Dlightbox%26settings%3DeyJpZCI6MTQ1LCJ1cmwiOiJodHRwczpcL1wvcmVsZXZvY2FyaW1ib3MuY29tLmJyXC93cC1jb250ZW50XC91cGxvYWRzXC8yMDIxXC8wMVwvYXRhZG9yLUF1dG9tYXRpY28tUmVsb2dpby5qcGciLCJzbGlkZXNob3ciOiJhbGwtYjQ3MjI4YiJ9\">\n\t\t\t\t\t<div class=\"e-gallery-image elementor-gallery-item__image\" data-thumbnail=\"https:\/\/relevocarimbos.com.br\/wp-content\/uploads\/2021\/01\/atador-Automatico-Relogio.jpg\" data-width=\"510\" data-height=\"519\" alt=\"\" ><\/div>\n\t\t\t\t\t\t\t\t\t\t<div class=\"elementor-gallery-item__overlay\"><\/div>\n\t\t\t\t\t\t\t\t\t\t\t\t\t\t\t<div class=\"elementor-gallery-item__content\">\n\t\t\t\t\t\t\t\t\t\t\t\t\t<div class=\"elementor-gallery-item__title\">Datador Rel\u00f3gio Colop<\/div>\n\t\t\t\t\t\t\t\t\t\t\t\t<\/div>\n\t\t\t\t\t\t\t\t\t<\/a>\n\t\t\t\t\t\t\t<a class=\"e-gallery-item elementor-gallery-item elementor-animated-content\" href=\"https:\/\/relevocarimbos.com.br\/wp-content\/uploads\/2021\/01\/Datador-Automatico-S120.jpg\" data-elementor-open-lightbox=\"yes\" data-elementor-lightbox-slideshow=\"all-b47228b\" data-elementor-lightbox-title=\"Datador Autom\u00e1tico S120\" data-e-action-hash=\"#elementor-action%3Aaction%3Dlightbox%26settings%3DeyJpZCI6MTQ5LCJ1cmwiOiJodHRwczpcL1wvcmVsZXZvY2FyaW1ib3MuY29tLmJyXC93cC1jb250ZW50XC91cGxvYWRzXC8yMDIxXC8wMVwvRGF0YWRvci1BdXRvbWF0aWNvLVMxMjAuanBnIiwic2xpZGVzaG93IjoiYWxsLWI0NzIyOGIifQ%3D%3D\">\n\t\t\t\t\t<div class=\"e-gallery-image elementor-gallery-item__image\" data-thumbnail=\"https:\/\/relevocarimbos.com.br\/wp-content\/uploads\/2021\/01\/Datador-Automatico-S120.jpg\" data-width=\"391\" data-height=\"519\" alt=\"\" ><\/div>\n\t\t\t\t\t\t\t\t\t\t<div class=\"elementor-gallery-item__overlay\"><\/div>\n\t\t\t\t\t\t\t\t\t\t\t\t\t\t\t<div class=\"elementor-gallery-item__content\">\n\t\t\t\t\t\t\t\t\t\t\t\t\t<div class=\"elementor-gallery-item__title\">Datador Autom\u00e1tico S120<\/div>\n\t\t\t\t\t\t\t\t\t\t\t\t<\/div>\n\t\t\t\t\t\t\t\t\t<\/a>\n\t\t\t\t\t\t\t<a class=\"e-gallery-item elementor-gallery-item elementor-animated-content\" href=\"https:\/\/relevocarimbos.com.br\/wp-content\/uploads\/2021\/01\/Numerador-Automatico-6-Digitos-S126.jpg\" data-elementor-open-lightbox=\"yes\" data-elementor-lightbox-slideshow=\"all-b47228b\" data-elementor-lightbox-title=\"Numerador Autom\u00e1tico 6 Digitos S126\" data-e-action-hash=\"#elementor-action%3Aaction%3Dlightbox%26settings%3DeyJpZCI6MTUwLCJ1cmwiOiJodHRwczpcL1wvcmVsZXZvY2FyaW1ib3MuY29tLmJyXC93cC1jb250ZW50XC91cGxvYWRzXC8yMDIxXC8wMVwvTnVtZXJhZG9yLUF1dG9tYXRpY28tNi1EaWdpdG9zLVMxMjYuanBnIiwic2xpZGVzaG93IjoiYWxsLWI0NzIyOGIifQ%3D%3D\">\n\t\t\t\t\t<div class=\"e-gallery-image elementor-gallery-item__image\" data-thumbnail=\"https:\/\/relevocarimbos.com.br\/wp-content\/uploads\/2021\/01\/Numerador-Automatico-6-Digitos-S126.jpg\" data-width=\"430\" data-height=\"519\" alt=\"\" ><\/div>\n\t\t\t\t\t\t\t\t\t\t<div class=\"elementor-gallery-item__overlay\"><\/div>\n\t\t\t\t\t\t\t\t\t\t\t\t\t\t\t<div class=\"elementor-gallery-item__content\">\n\t\t\t\t\t\t\t\t\t\t\t\t\t<div class=\"elementor-gallery-item__title\">Numerador Autom\u00e1tico 6 Digitos S126<\/div>\n\t\t\t\t\t\t\t\t\t\t\t\t<\/div>\n\t\t\t\t\t\t\t\t\t<\/a>\n\t\t\t\t\t\t\t<a class=\"e-gallery-item elementor-gallery-item elementor-animated-content\" href=\"https:\/\/relevocarimbos.com.br\/wp-content\/uploads\/2021\/01\/Carimbo-Numerador-Sequencial.jpg\" data-elementor-open-lightbox=\"yes\" data-elementor-lightbox-slideshow=\"all-b47228b\" data-elementor-lightbox-title=\"Carimbo Numerador Sequencial - 6 D\u00edgitos\" data-e-action-hash=\"#elementor-action%3Aaction%3Dlightbox%26settings%3DeyJpZCI6MTUxLCJ1cmwiOiJodHRwczpcL1wvcmVsZXZvY2FyaW1ib3MuY29tLmJyXC93cC1jb250ZW50XC91cGxvYWRzXC8yMDIxXC8wMVwvQ2FyaW1iby1OdW1lcmFkb3ItU2VxdWVuY2lhbC5qcGciLCJzbGlkZXNob3ciOiJhbGwtYjQ3MjI4YiJ9\">\n\t\t\t\t\t<div class=\"e-gallery-image elementor-gallery-item__image\" data-thumbnail=\"https:\/\/relevocarimbos.com.br\/wp-content\/uploads\/2021\/01\/Carimbo-Numerador-Sequencial.jpg\" data-width=\"400\" data-height=\"400\" alt=\"\" ><\/div>\n\t\t\t\t\t\t\t\t\t\t<div class=\"elementor-gallery-item__overlay\"><\/div>\n\t\t\t\t\t\t\t\t\t\t\t\t\t\t\t<div class=\"elementor-gallery-item__content\">\n\t\t\t\t\t\t\t\t\t\t\t\t\t<div class=\"elementor-gallery-item__title\">Carimbo Numerador Sequencial - 6 D\u00edgitos<\/div>\n\t\t\t\t\t\t\t\t\t\t\t\t<\/div>\n\t\t\t\t\t\t\t\t\t<\/a>\n\t\t\t\t\t\t\t<a class=\"e-gallery-item elementor-gallery-item elementor-animated-content\" href=\"https:\/\/relevocarimbos.com.br\/wp-content\/uploads\/2021\/01\/Datador-de-Mesa-Simples.jpg\" data-elementor-open-lightbox=\"yes\" data-elementor-lightbox-slideshow=\"all-b47228b\" data-elementor-lightbox-title=\"Datador Manual\" data-e-action-hash=\"#elementor-action%3Aaction%3Dlightbox%26settings%3DeyJpZCI6MTU1LCJ1cmwiOiJodHRwczpcL1wvcmVsZXZvY2FyaW1ib3MuY29tLmJyXC93cC1jb250ZW50XC91cGxvYWRzXC8yMDIxXC8wMVwvRGF0YWRvci1kZS1NZXNhLVNpbXBsZXMuanBnIiwic2xpZGVzaG93IjoiYWxsLWI0NzIyOGIifQ%3D%3D\">\n\t\t\t\t\t<div class=\"e-gallery-image elementor-gallery-item__image\" data-thumbnail=\"https:\/\/relevocarimbos.com.br\/wp-content\/uploads\/2021\/01\/Datador-de-Mesa-Simples.jpg\" data-width=\"800\" data-height=\"684\" alt=\"\" ><\/div>\n\t\t\t\t\t\t\t\t\t\t<div class=\"elementor-gallery-item__overlay\"><\/div>\n\t\t\t\t\t\t\t\t\t\t\t\t\t\t\t<div class=\"elementor-gallery-item__content\">\n\t\t\t\t\t\t\t\t\t\t\t\t\t<div class=\"elementor-gallery-item__title\">Datador Manual<\/div>\n\t\t\t\t\t\t\t\t\t\t\t\t<\/div>\n\t\t\t\t\t\t\t\t\t<\/a>\n\t\t\t\t\t\t\t<a class=\"e-gallery-item elementor-gallery-item elementor-animated-content\" href=\"https:\/\/relevocarimbos.com.br\/wp-content\/uploads\/2021\/01\/Datador-com-base-Simples.jpg\" data-elementor-open-lightbox=\"yes\" data-elementor-lightbox-slideshow=\"all-b47228b\" data-elementor-lightbox-title=\"Datador com Base Retangular - Datakanji\" data-e-action-hash=\"#elementor-action%3Aaction%3Dlightbox%26settings%3DeyJpZCI6MTU3LCJ1cmwiOiJodHRwczpcL1wvcmVsZXZvY2FyaW1ib3MuY29tLmJyXC93cC1jb250ZW50XC91cGxvYWRzXC8yMDIxXC8wMVwvRGF0YWRvci1jb20tYmFzZS1TaW1wbGVzLmpwZyIsInNsaWRlc2hvdyI6ImFsbC1iNDcyMjhiIn0%3D\">\n\t\t\t\t\t<div class=\"e-gallery-image elementor-gallery-item__image\" data-thumbnail=\"https:\/\/relevocarimbos.com.br\/wp-content\/uploads\/2021\/01\/Datador-com-base-Simples.jpg\" data-width=\"695\" data-height=\"720\" alt=\"\" ><\/div>\n\t\t\t\t\t\t\t\t\t\t<div class=\"elementor-gallery-item__overlay\"><\/div>\n\t\t\t\t\t\t\t\t\t\t\t\t\t\t\t<div class=\"elementor-gallery-item__content\">\n\t\t\t\t\t\t\t\t\t\t\t\t\t<div class=\"elementor-gallery-item__title\">Datador com Base Retangular - Datakanji<\/div>\n\t\t\t\t\t\t\t\t\t\t\t\t<\/div>\n\t\t\t\t\t\t\t\t\t<\/a>\n\t\t\t\t\t\t\t<a class=\"e-gallery-item elementor-gallery-item elementor-animated-content\" href=\"https:\/\/relevocarimbos.com.br\/wp-content\/uploads\/2021\/01\/Datador-Redondo-simples-de-Meas.jpg\" data-elementor-open-lightbox=\"yes\" data-elementor-lightbox-slideshow=\"all-b47228b\" data-elementor-lightbox-title=\"Datador com Base Redondo - Data Kanji\" data-e-action-hash=\"#elementor-action%3Aaction%3Dlightbox%26settings%3DeyJpZCI6MTU4LCJ1cmwiOiJodHRwczpcL1wvcmVsZXZvY2FyaW1ib3MuY29tLmJyXC93cC1jb250ZW50XC91cGxvYWRzXC8yMDIxXC8wMVwvRGF0YWRvci1SZWRvbmRvLXNpbXBsZXMtZGUtTWVhcy5qcGciLCJzbGlkZXNob3ciOiJhbGwtYjQ3MjI4YiJ9\">\n\t\t\t\t\t<div class=\"e-gallery-image elementor-gallery-item__image\" data-thumbnail=\"https:\/\/relevocarimbos.com.br\/wp-content\/uploads\/2021\/01\/Datador-Redondo-simples-de-Meas.jpg\" data-width=\"800\" data-height=\"705\" alt=\"\" ><\/div>\n\t\t\t\t\t\t\t\t\t\t<div class=\"elementor-gallery-item__overlay\"><\/div>\n\t\t\t\t\t\t\t\t\t\t\t\t\t\t\t<div class=\"elementor-gallery-item__content\">\n\t\t\t\t\t\t\t\t\t\t\t\t\t<div class=\"elementor-gallery-item__title\">Datador com Base Redondo - Data Kanji<\/div>\n\t\t\t\t\t\t\t\t\t\t\t\t<\/div>\n\t\t\t\t\t\t\t\t\t<\/a>\n\t\t\t\t\t\t\t<a class=\"e-gallery-item elementor-gallery-item elementor-animated-content\" href=\"https:\/\/relevocarimbos.com.br\/wp-content\/uploads\/2021\/01\/Datador-Relogio-de-Mesa.jpg\" data-elementor-open-lightbox=\"yes\" data-elementor-lightbox-slideshow=\"all-b47228b\" data-elementor-lightbox-title=\"Datador Rel\u00f3gio Manual - Data Kanji\" data-e-action-hash=\"#elementor-action%3Aaction%3Dlightbox%26settings%3DeyJpZCI6MTU5LCJ1cmwiOiJodHRwczpcL1wvcmVsZXZvY2FyaW1ib3MuY29tLmJyXC93cC1jb250ZW50XC91cGxvYWRzXC8yMDIxXC8wMVwvRGF0YWRvci1SZWxvZ2lvLWRlLU1lc2EuanBnIiwic2xpZGVzaG93IjoiYWxsLWI0NzIyOGIifQ%3D%3D\">\n\t\t\t\t\t<div class=\"e-gallery-image elementor-gallery-item__image\" data-thumbnail=\"https:\/\/relevocarimbos.com.br\/wp-content\/uploads\/2021\/01\/Datador-Relogio-de-Mesa.jpg\" data-width=\"753\" data-height=\"721\" alt=\"\" ><\/div>\n\t\t\t\t\t\t\t\t\t\t<div class=\"elementor-gallery-item__overlay\"><\/div>\n\t\t\t\t\t\t\t\t\t\t\t\t\t\t\t<div class=\"elementor-gallery-item__content\">\n\t\t\t\t\t\t\t\t\t\t\t\t\t<div class=\"elementor-gallery-item__title\">Datador Rel\u00f3gio Manual - Data Kanji<\/div>\n\t\t\t\t\t\t\t\t\t\t\t\t<\/div>\n\t\t\t\t\t\t\t\t\t<\/a>\n\t\t\t\t\t\t\t<a class=\"e-gallery-item elementor-gallery-item elementor-animated-content\" href=\"https:\/\/relevocarimbos.com.br\/wp-content\/uploads\/2021\/01\/Datadores-e-Numeradores-Especiais.jpg\" data-elementor-open-lightbox=\"yes\" data-elementor-lightbox-slideshow=\"all-b47228b\" data-elementor-lightbox-title=\"Carimbos Datadores Sobreposto Especial - Produ\u00e7\u00e3o\" data-e-action-hash=\"#elementor-action%3Aaction%3Dlightbox%26settings%3DeyJpZCI6MTYwLCJ1cmwiOiJodHRwczpcL1wvcmVsZXZvY2FyaW1ib3MuY29tLmJyXC93cC1jb250ZW50XC91cGxvYWRzXC8yMDIxXC8wMVwvRGF0YWRvcmVzLWUtTnVtZXJhZG9yZXMtRXNwZWNpYWlzLmpwZyIsInNsaWRlc2hvdyI6ImFsbC1iNDcyMjhiIn0%3D\">\n\t\t\t\t\t<div class=\"e-gallery-image elementor-gallery-item__image\" data-thumbnail=\"https:\/\/relevocarimbos.com.br\/wp-content\/uploads\/2021\/01\/Datadores-e-Numeradores-Especiais.jpg\" data-width=\"517\" data-height=\"721\" alt=\"\" ><\/div>\n\t\t\t\t\t\t\t\t\t\t<div class=\"elementor-gallery-item__overlay\"><\/div>\n\t\t\t\t\t\t\t\t\t\t\t\t\t\t\t<div class=\"elementor-gallery-item__content\">\n\t\t\t\t\t\t\t\t\t\t\t\t\t<div class=\"elementor-gallery-item__title\">Carimbos Datadores Sobreposto Especial - Produ\u00e7\u00e3o<\/div>\n\t\t\t\t\t\t\t\t\t\t\t\t<\/div>\n\t\t\t\t\t\t\t\t\t<\/a>\n\t\t\t\t\t\t\t<a class=\"e-gallery-item elementor-gallery-item elementor-animated-content\" href=\"https:\/\/relevocarimbos.com.br\/wp-content\/uploads\/2021\/01\/Numerador-simples-manual.jpg\" data-elementor-open-lightbox=\"yes\" data-elementor-lightbox-slideshow=\"all-b47228b\" data-elementor-lightbox-title=\"Carimbo Manual - Numerador\" data-e-action-hash=\"#elementor-action%3Aaction%3Dlightbox%26settings%3DeyJpZCI6MTYxLCJ1cmwiOiJodHRwczpcL1wvcmVsZXZvY2FyaW1ib3MuY29tLmJyXC93cC1jb250ZW50XC91cGxvYWRzXC8yMDIxXC8wMVwvTnVtZXJhZG9yLXNpbXBsZXMtbWFudWFsLmpwZyIsInNsaWRlc2hvdyI6ImFsbC1iNDcyMjhiIn0%3D\">\n\t\t\t\t\t<div class=\"e-gallery-image elementor-gallery-item__image\" data-thumbnail=\"https:\/\/relevocarimbos.com.br\/wp-content\/uploads\/2021\/01\/Numerador-simples-manual.jpg\" data-width=\"800\" data-height=\"630\" alt=\"\" ><\/div>\n\t\t\t\t\t\t\t\t\t\t<div class=\"elementor-gallery-item__overlay\"><\/div>\n\t\t\t\t\t\t\t\t\t\t\t\t\t\t\t<div class=\"elementor-gallery-item__content\">\n\t\t\t\t\t\t\t\t\t\t\t\t\t<div class=\"elementor-gallery-item__title\">Carimbo Manual - Numerador<\/div>\n\t\t\t\t\t\t\t\t\t\t\t\t<\/div>\n\t\t\t\t\t\t\t\t\t<\/a>\n\t\t\t\t\t\t\t<a class=\"e-gallery-item elementor-gallery-item elementor-animated-content\" href=\"https:\/\/relevocarimbos.com.br\/wp-content\/uploads\/2021\/01\/Marcadores-de-Preco.jpg\" data-elementor-open-lightbox=\"yes\" data-elementor-lightbox-slideshow=\"all-b47228b\" data-elementor-lightbox-title=\"Carimbo Marcador de Pre\u00e7o - Data Kanji\" data-e-action-hash=\"#elementor-action%3Aaction%3Dlightbox%26settings%3DeyJpZCI6MTYyLCJ1cmwiOiJodHRwczpcL1wvcmVsZXZvY2FyaW1ib3MuY29tLmJyXC93cC1jb250ZW50XC91cGxvYWRzXC8yMDIxXC8wMVwvTWFyY2Fkb3Jlcy1kZS1QcmVjby5qcGciLCJzbGlkZXNob3ciOiJhbGwtYjQ3MjI4YiJ9\">\n\t\t\t\t\t<div class=\"e-gallery-image elementor-gallery-item__image\" data-thumbnail=\"https:\/\/relevocarimbos.com.br\/wp-content\/uploads\/2021\/01\/Marcadores-de-Preco-1024x480.jpg\" data-width=\"800\" data-height=\"375\" alt=\"\" ><\/div>\n\t\t\t\t\t\t\t\t\t\t<div class=\"elementor-gallery-item__overlay\"><\/div>\n\t\t\t\t\t\t\t\t\t\t\t\t\t\t\t<div class=\"elementor-gallery-item__content\">\n\t\t\t\t\t\t\t\t\t\t\t\t\t<div class=\"elementor-gallery-item__title\">Carimbo Marcador de Pre\u00e7o - Data Kanji<\/div>\n\t\t\t\t\t\t\t\t\t\t\t\t<\/div>\n\t\t\t\t\t\t\t\t\t<\/a>\n\t\t\t\t\t\t\t<a class=\"e-gallery-item elementor-gallery-item elementor-animated-content\" href=\"https:\/\/relevocarimbos.com.br\/wp-content\/uploads\/2021\/01\/Carimbo-Contabilidade-e-Marcador-de-ponto.jpg\" data-elementor-open-lightbox=\"yes\" data-elementor-lightbox-slideshow=\"all-b47228b\" data-elementor-lightbox-title=\"Carimbo Manual - Cart\u00e3o de Ponto - Data Kanji\" data-e-action-hash=\"#elementor-action%3Aaction%3Dlightbox%26settings%3DeyJpZCI6MTYzLCJ1cmwiOiJodHRwczpcL1wvcmVsZXZvY2FyaW1ib3MuY29tLmJyXC93cC1jb250ZW50XC91cGxvYWRzXC8yMDIxXC8wMVwvQ2FyaW1iby1Db250YWJpbGlkYWRlLWUtTWFyY2Fkb3ItZGUtcG9udG8uanBnIiwic2xpZGVzaG93IjoiYWxsLWI0NzIyOGIifQ%3D%3D\">\n\t\t\t\t\t<div class=\"e-gallery-image elementor-gallery-item__image\" data-thumbnail=\"https:\/\/relevocarimbos.com.br\/wp-content\/uploads\/2021\/01\/Carimbo-Contabilidade-e-Marcador-de-ponto-1024x502.jpg\" data-width=\"800\" data-height=\"392\" alt=\"\" ><\/div>\n\t\t\t\t\t\t\t\t\t\t<div class=\"elementor-gallery-item__overlay\"><\/div>\n\t\t\t\t\t\t\t\t\t\t\t\t\t\t\t<div class=\"elementor-gallery-item__content\">\n\t\t\t\t\t\t\t\t\t\t\t\t\t<div class=\"elementor-gallery-item__title\">Carimbo Manual - Cart\u00e3o de Ponto - Data Kanji<\/div>\n\t\t\t\t\t\t\t\t\t\t\t\t<\/div>\n\t\t\t\t\t\t\t\t\t<\/a>\n\t\t\t\t\t<\/div>\n\t\t\t<\/div>\n\t\t\t\t<\/div>\n\t\t\t\t\t<\/div>\n\t\t<\/div>\n\t\t\t\t\t\t\t<\/div>\n\t\t<\/section>\n\t\t\t\t\t\t\t<\/div>\n\t\t","protected":false},"excerpt":{"rendered":"<p>Datador Classico Datador Autom\u00e1tico Retangular com Base de Texto Datador Rel\u00f3gio Colop Datador Autom\u00e1tico S120 Numerador Autom\u00e1tico 6 Digitos S126 Carimbo Numerador Sequencial &#8211; 6 D\u00edgitos Datador Manual Datador com Base Retangular &#8211; Datakanji Datador com Base Redondo &#8211; Data Kanji Datador Rel\u00f3gio Manual &#8211; Data Kanji Carimbos Datadores Sobreposto Especial &#8211; Produ\u00e7\u00e3o Carimbo Manual [&hellip;]<\/p>\n","protected":false},"author":1,"featured_media":0,"parent":0,"menu_order":0,"comment_status":"closed","ping_status":"closed","template":"elementor_header_footer","meta":{"footnotes":""},"_links":{"self":[{"href":"https:\/\/relevocarimbos.com.br\/index.php\/wp-json\/wp\/v2\/pages\/17"}],"collection":[{"href":"https:\/\/relevocarimbos.com.br\/index.php\/wp-json\/wp\/v2\/pages"}],"about":[{"href":"https:\/\/relevocarimbos.com.br\/index.php\/wp-json\/wp\/v2\/types\/page"}],"author":[{"embeddable":true,"href":"https:\/\/relevocarimbos.com.br\/index.php\/wp-json\/wp\/v2\/users\/1"}],"replies":[{"embeddable":true,"href":"https:\/\/relevocarimbos.com.br\/index.php\/wp-json\/wp\/v2\/comments?post=17"}],"version-history":[{"count":0,"href":"https:\/\/relevocarimbos.com.br\/index.php\/wp-json\/wp\/v2\/pages\/17\/revisions"}],"wp:attachment":[{"href":"https:\/\/relevocarimbos.com.br\/index.php\/wp-json\/wp\/v2\/media?parent=17"}],"curies":[{"name":"wp","href":"https:\/\/api.w.org\/{rel}","templated":true}]}}