{"id":21,"date":"2021-01-18T14:43:00","date_gmt":"2021-01-18T14:43:00","guid":{"rendered":"https:\/\/relevocarimbos.com.br\/?page_id=21"},"modified":"2021-01-19T16:16:14","modified_gmt":"2021-01-19T16:16:14","slug":"placas","status":"publish","type":"page","link":"https:\/\/relevocarimbos.com.br\/index.php\/placas\/","title":{"rendered":"Placas"},"content":{"rendered":"\t\t<div data-elementor-type=\"wp-page\" data-elementor-id=\"21\" class=\"elementor elementor-21\">\n\t\t\t\t\t\t\t\t\t<section class=\"elementor-section elementor-top-section elementor-element elementor-element-34776fc elementor-section-boxed elementor-section-height-default elementor-section-height-default\" data-id=\"34776fc\" data-element_type=\"section\">\n\t\t\t\t\t\t<div class=\"elementor-container elementor-column-gap-default\">\n\t\t\t\t\t<div class=\"elementor-column elementor-col-100 elementor-top-column elementor-element elementor-element-ac3f039\" data-id=\"ac3f039\" data-element_type=\"column\">\n\t\t\t<div class=\"elementor-widget-wrap elementor-element-populated\">\n\t\t\t\t\t\t\t\t<div class=\"elementor-element elementor-element-7b17bfb elementor-widget elementor-widget-gallery\" data-id=\"7b17bfb\" data-element_type=\"widget\" data-settings=\"{&quot;gallery_layout&quot;:&quot;justified&quot;,&quot;ideal_row_height&quot;:{&quot;unit&quot;:&quot;px&quot;,&quot;size&quot;:250,&quot;sizes&quot;:[]},&quot;gap&quot;:{&quot;unit&quot;:&quot;px&quot;,&quot;size&quot;:15,&quot;sizes&quot;:[]},&quot;overlay_title&quot;:&quot;title&quot;,&quot;lazyload&quot;:&quot;yes&quot;,&quot;ideal_row_height_tablet&quot;:{&quot;unit&quot;:&quot;px&quot;,&quot;size&quot;:150,&quot;sizes&quot;:[]},&quot;ideal_row_height_mobile&quot;:{&quot;unit&quot;:&quot;px&quot;,&quot;size&quot;:150,&quot;sizes&quot;:[]},&quot;gap_tablet&quot;:{&quot;unit&quot;:&quot;px&quot;,&quot;size&quot;:10,&quot;sizes&quot;:[]},&quot;gap_mobile&quot;:{&quot;unit&quot;:&quot;px&quot;,&quot;size&quot;:10,&quot;sizes&quot;:[]},&quot;link_to&quot;:&quot;file&quot;,&quot;overlay_background&quot;:&quot;yes&quot;,&quot;content_hover_animation&quot;:&quot;fade-in&quot;}\" data-widget_type=\"gallery.default\">\n\t\t\t\t<div class=\"elementor-widget-container\">\n\t\t\t\t\t<div class=\"elementor-gallery__container\">\n\t\t\t\t\t\t\t<a class=\"e-gallery-item elementor-gallery-item elementor-animated-content\" href=\"https:\/\/relevocarimbos.com.br\/wp-content\/uploads\/2021\/01\/placa_aco.jpg\" data-elementor-open-lightbox=\"yes\" data-elementor-lightbox-slideshow=\"all-7b17bfb\" data-elementor-lightbox-title=\"Placa de A\u00e7o Escovado - Grava\u00e7\u00e3o em Baixo Relevo\" data-e-action-hash=\"#elementor-action%3Aaction%3Dlightbox%26settings%3DeyJpZCI6MTk2LCJ1cmwiOiJodHRwczpcL1wvcmVsZXZvY2FyaW1ib3MuY29tLmJyXC93cC1jb250ZW50XC91cGxvYWRzXC8yMDIxXC8wMVwvcGxhY2FfYWNvLmpwZyIsInNsaWRlc2hvdyI6ImFsbC03YjE3YmZiIn0%3D\">\n\t\t\t\t\t<div class=\"e-gallery-image elementor-gallery-item__image\" data-thumbnail=\"https:\/\/relevocarimbos.com.br\/wp-content\/uploads\/2021\/01\/placa_aco.jpg\" data-width=\"800\" data-height=\"536\" alt=\"\" ><\/div>\n\t\t\t\t\t\t\t\t\t\t<div class=\"elementor-gallery-item__overlay\"><\/div>\n\t\t\t\t\t\t\t\t\t\t\t\t\t\t\t<div class=\"elementor-gallery-item__content\">\n\t\t\t\t\t\t\t\t\t\t\t\t\t<div class=\"elementor-gallery-item__title\">Placa de A\u00e7o Escovado - Grava\u00e7\u00e3o em Baixo Relevo<\/div>\n\t\t\t\t\t\t\t\t\t\t\t\t<\/div>\n\t\t\t\t\t\t\t\t\t<\/a>\n\t\t\t\t\t\t\t<a class=\"e-gallery-item elementor-gallery-item elementor-animated-content\" href=\"https:\/\/relevocarimbos.com.br\/wp-content\/uploads\/2021\/01\/placa_acrilico.jpg\" data-elementor-open-lightbox=\"yes\" data-elementor-lightbox-slideshow=\"all-7b17bfb\" data-elementor-lightbox-title=\"Placa de Alum\u00ednio - Grava\u00e7\u00e3o em Serigrafia\" data-e-action-hash=\"#elementor-action%3Aaction%3Dlightbox%26settings%3DeyJpZCI6MTk3LCJ1cmwiOiJodHRwczpcL1wvcmVsZXZvY2FyaW1ib3MuY29tLmJyXC93cC1jb250ZW50XC91cGxvYWRzXC8yMDIxXC8wMVwvcGxhY2FfYWNyaWxpY28uanBnIiwic2xpZGVzaG93IjoiYWxsLTdiMTdiZmIifQ%3D%3D\">\n\t\t\t\t\t<div class=\"e-gallery-image elementor-gallery-item__image\" data-thumbnail=\"https:\/\/relevocarimbos.com.br\/wp-content\/uploads\/2021\/01\/placa_acrilico.jpg\" data-width=\"800\" data-height=\"536\" alt=\"\" ><\/div>\n\t\t\t\t\t\t\t\t\t\t<div class=\"elementor-gallery-item__overlay\"><\/div>\n\t\t\t\t\t\t\t\t\t\t\t\t\t\t\t<div class=\"elementor-gallery-item__content\">\n\t\t\t\t\t\t\t\t\t\t\t\t\t<div class=\"elementor-gallery-item__title\">Placa de Alum\u00ednio - Grava\u00e7\u00e3o em Serigrafia<\/div>\n\t\t\t\t\t\t\t\t\t\t\t\t<\/div>\n\t\t\t\t\t\t\t\t\t<\/a>\n\t\t\t\t\t\t\t<a class=\"e-gallery-item elementor-gallery-item elementor-animated-content\" href=\"https:\/\/relevocarimbos.com.br\/wp-content\/uploads\/2021\/01\/placa_Acrilico_2.jpg\" data-elementor-open-lightbox=\"yes\" data-elementor-lightbox-slideshow=\"all-7b17bfb\" data-elementor-lightbox-title=\"Placa de Acr\u00edlico - Impress\u00e3o\" data-e-action-hash=\"#elementor-action%3Aaction%3Dlightbox%26settings%3DeyJpZCI6MTk5LCJ1cmwiOiJodHRwczpcL1wvcmVsZXZvY2FyaW1ib3MuY29tLmJyXC93cC1jb250ZW50XC91cGxvYWRzXC8yMDIxXC8wMVwvcGxhY2FfQWNyaWxpY29fMi5qcGciLCJzbGlkZXNob3ciOiJhbGwtN2IxN2JmYiJ9\">\n\t\t\t\t\t<div class=\"e-gallery-image elementor-gallery-item__image\" data-thumbnail=\"https:\/\/relevocarimbos.com.br\/wp-content\/uploads\/2021\/01\/placa_Acrilico_2.jpg\" data-width=\"800\" data-height=\"536\" alt=\"\" ><\/div>\n\t\t\t\t\t\t\t\t\t\t<div class=\"elementor-gallery-item__overlay\"><\/div>\n\t\t\t\t\t\t\t\t\t\t\t\t\t\t\t<div class=\"elementor-gallery-item__content\">\n\t\t\t\t\t\t\t\t\t\t\t\t\t<div class=\"elementor-gallery-item__title\">Placa de Acr\u00edlico - Impress\u00e3o<\/div>\n\t\t\t\t\t\t\t\t\t\t\t\t<\/div>\n\t\t\t\t\t\t\t\t\t<\/a>\n\t\t\t\t\t<\/div>\n\t\t\t<\/div>\n\t\t\t\t<\/div>\n\t\t\t\t\t<\/div>\n\t\t<\/div>\n\t\t\t\t\t\t\t<\/div>\n\t\t<\/section>\n\t\t\t\t\t\t\t<\/div>\n\t\t","protected":false},"excerpt":{"rendered":"<p>Placa de A\u00e7o Escovado &#8211; Grava\u00e7\u00e3o em Baixo Relevo Placa de Alum\u00ednio &#8211; Grava\u00e7\u00e3o em Serigrafia Placa de Acr\u00edlico &#8211; Impress\u00e3o<\/p>\n","protected":false},"author":1,"featured_media":0,"parent":0,"menu_order":0,"comment_status":"closed","ping_status":"closed","template":"elementor_header_footer","meta":{"footnotes":""},"_links":{"self":[{"href":"https:\/\/relevocarimbos.com.br\/index.php\/wp-json\/wp\/v2\/pages\/21"}],"collection":[{"href":"https:\/\/relevocarimbos.com.br\/index.php\/wp-json\/wp\/v2\/pages"}],"about":[{"href":"https:\/\/relevocarimbos.com.br\/index.php\/wp-json\/wp\/v2\/types\/page"}],"author":[{"embeddable":true,"href":"https:\/\/relevocarimbos.com.br\/index.php\/wp-json\/wp\/v2\/users\/1"}],"replies":[{"embeddable":true,"href":"https:\/\/relevocarimbos.com.br\/index.php\/wp-json\/wp\/v2\/comments?post=21"}],"version-history":[{"count":0,"href":"https:\/\/relevocarimbos.com.br\/index.php\/wp-json\/wp\/v2\/pages\/21\/revisions"}],"wp:attachment":[{"href":"https:\/\/relevocarimbos.com.br\/index.php\/wp-json\/wp\/v2\/media?parent=21"}],"curies":[{"name":"wp","href":"https:\/\/api.w.org\/{rel}","templated":true}]}}