{"id":25,"date":"2021-01-18T14:44:02","date_gmt":"2021-01-18T14:44:02","guid":{"rendered":"https:\/\/relevocarimbos.com.br\/?page_id=25"},"modified":"2021-01-19T16:35:35","modified_gmt":"2021-01-19T16:35:35","slug":"crachas-e-pins","status":"publish","type":"page","link":"https:\/\/relevocarimbos.com.br\/index.php\/crachas-e-pins\/","title":{"rendered":"Crach\u00e1s e Pins"},"content":{"rendered":"\t\t<div data-elementor-type=\"wp-page\" data-elementor-id=\"25\" class=\"elementor elementor-25\">\n\t\t\t\t\t\t\t\t\t<section class=\"elementor-section elementor-top-section elementor-element elementor-element-9a1cd6e elementor-section-boxed elementor-section-height-default elementor-section-height-default\" data-id=\"9a1cd6e\" data-element_type=\"section\">\n\t\t\t\t\t\t<div class=\"elementor-container elementor-column-gap-default\">\n\t\t\t\t\t<div class=\"elementor-column elementor-col-100 elementor-top-column elementor-element elementor-element-95ca85b\" data-id=\"95ca85b\" data-element_type=\"column\">\n\t\t\t<div class=\"elementor-widget-wrap elementor-element-populated\">\n\t\t\t\t\t\t\t\t<div class=\"elementor-element elementor-element-afc84b4 elementor-widget elementor-widget-gallery\" data-id=\"afc84b4\" data-element_type=\"widget\" data-settings=\"{&quot;gallery_layout&quot;:&quot;justified&quot;,&quot;ideal_row_height&quot;:{&quot;unit&quot;:&quot;px&quot;,&quot;size&quot;:250,&quot;sizes&quot;:[]},&quot;gap&quot;:{&quot;unit&quot;:&quot;px&quot;,&quot;size&quot;:15,&quot;sizes&quot;:[]},&quot;overlay_title&quot;:&quot;title&quot;,&quot;lazyload&quot;:&quot;yes&quot;,&quot;ideal_row_height_tablet&quot;:{&quot;unit&quot;:&quot;px&quot;,&quot;size&quot;:150,&quot;sizes&quot;:[]},&quot;ideal_row_height_mobile&quot;:{&quot;unit&quot;:&quot;px&quot;,&quot;size&quot;:150,&quot;sizes&quot;:[]},&quot;gap_tablet&quot;:{&quot;unit&quot;:&quot;px&quot;,&quot;size&quot;:10,&quot;sizes&quot;:[]},&quot;gap_mobile&quot;:{&quot;unit&quot;:&quot;px&quot;,&quot;size&quot;:10,&quot;sizes&quot;:[]},&quot;link_to&quot;:&quot;file&quot;,&quot;overlay_background&quot;:&quot;yes&quot;,&quot;content_hover_animation&quot;:&quot;fade-in&quot;}\" data-widget_type=\"gallery.default\">\n\t\t\t\t<div class=\"elementor-widget-container\">\n\t\t\t\t\t<div class=\"elementor-gallery__container\">\n\t\t\t\t\t\t\t<a class=\"e-gallery-item elementor-gallery-item elementor-animated-content\" href=\"https:\/\/relevocarimbos.com.br\/wp-content\/uploads\/2021\/01\/cracha_aco.jpg\" data-elementor-open-lightbox=\"yes\" data-elementor-lightbox-slideshow=\"all-afc84b4\" data-elementor-lightbox-title=\"Crach\u00e1 em A\u00e7o Escovado - Gravado em baixo relevo\" data-e-action-hash=\"#elementor-action%3Aaction%3Dlightbox%26settings%3DeyJpZCI6MjI0LCJ1cmwiOiJodHRwczpcL1wvcmVsZXZvY2FyaW1ib3MuY29tLmJyXC93cC1jb250ZW50XC91cGxvYWRzXC8yMDIxXC8wMVwvY3JhY2hhX2Fjby5qcGciLCJzbGlkZXNob3ciOiJhbGwtYWZjODRiNCJ9\">\n\t\t\t\t\t<div class=\"e-gallery-image elementor-gallery-item__image\" data-thumbnail=\"https:\/\/relevocarimbos.com.br\/wp-content\/uploads\/2021\/01\/cracha_aco.jpg\" data-width=\"800\" data-height=\"536\" alt=\"\" ><\/div>\n\t\t\t\t\t\t\t\t\t\t<div class=\"elementor-gallery-item__overlay\"><\/div>\n\t\t\t\t\t\t\t\t\t\t\t\t\t\t\t<div class=\"elementor-gallery-item__content\">\n\t\t\t\t\t\t\t\t\t\t\t\t\t<div class=\"elementor-gallery-item__title\">Crach\u00e1 em A\u00e7o Escovado - Gravado em baixo relevo<\/div>\n\t\t\t\t\t\t\t\t\t\t\t\t<\/div>\n\t\t\t\t\t\t\t\t\t<\/a>\n\t\t\t\t\t\t\t<a class=\"e-gallery-item elementor-gallery-item elementor-animated-content\" href=\"https:\/\/relevocarimbos.com.br\/wp-content\/uploads\/2021\/01\/cracha_aco2.jpg\" data-elementor-open-lightbox=\"yes\" data-elementor-lightbox-slideshow=\"all-afc84b4\" data-elementor-lightbox-title=\"Crach\u00e1 em A\u00e7o Escovado - Gravado em baixo relevo\" data-e-action-hash=\"#elementor-action%3Aaction%3Dlightbox%26settings%3DeyJpZCI6MjI1LCJ1cmwiOiJodHRwczpcL1wvcmVsZXZvY2FyaW1ib3MuY29tLmJyXC93cC1jb250ZW50XC91cGxvYWRzXC8yMDIxXC8wMVwvY3JhY2hhX2FjbzIuanBnIiwic2xpZGVzaG93IjoiYWxsLWFmYzg0YjQifQ%3D%3D\">\n\t\t\t\t\t<div class=\"e-gallery-image elementor-gallery-item__image\" data-thumbnail=\"https:\/\/relevocarimbos.com.br\/wp-content\/uploads\/2021\/01\/cracha_aco2.jpg\" data-width=\"800\" data-height=\"536\" alt=\"\" ><\/div>\n\t\t\t\t\t\t\t\t\t\t<div class=\"elementor-gallery-item__overlay\"><\/div>\n\t\t\t\t\t\t\t\t\t\t\t\t\t\t\t<div class=\"elementor-gallery-item__content\">\n\t\t\t\t\t\t\t\t\t\t\t\t\t<div class=\"elementor-gallery-item__title\">Crach\u00e1 em A\u00e7o Escovado - Gravado em baixo relevo<\/div>\n\t\t\t\t\t\t\t\t\t\t\t\t<\/div>\n\t\t\t\t\t\t\t\t\t<\/a>\n\t\t\t\t\t\t\t<a class=\"e-gallery-item elementor-gallery-item elementor-animated-content\" href=\"https:\/\/relevocarimbos.com.br\/wp-content\/uploads\/2021\/01\/cracha_horizontal.jpg\" data-elementor-open-lightbox=\"yes\" data-elementor-lightbox-slideshow=\"all-afc84b4\" data-elementor-lightbox-title=\"Crach\u00e1 de PVC - Impress\u00e3o em sublima\u00e7\u00e3o\" data-e-action-hash=\"#elementor-action%3Aaction%3Dlightbox%26settings%3DeyJpZCI6MjI2LCJ1cmwiOiJodHRwczpcL1wvcmVsZXZvY2FyaW1ib3MuY29tLmJyXC93cC1jb250ZW50XC91cGxvYWRzXC8yMDIxXC8wMVwvY3JhY2hhX2hvcml6b250YWwuanBnIiwic2xpZGVzaG93IjoiYWxsLWFmYzg0YjQifQ%3D%3D\">\n\t\t\t\t\t<div class=\"e-gallery-image elementor-gallery-item__image\" data-thumbnail=\"https:\/\/relevocarimbos.com.br\/wp-content\/uploads\/2021\/01\/cracha_horizontal.jpg\" data-width=\"800\" data-height=\"536\" alt=\"\" ><\/div>\n\t\t\t\t\t\t\t\t\t\t<div class=\"elementor-gallery-item__overlay\"><\/div>\n\t\t\t\t\t\t\t\t\t\t\t\t\t\t\t<div class=\"elementor-gallery-item__content\">\n\t\t\t\t\t\t\t\t\t\t\t\t\t<div class=\"elementor-gallery-item__title\">Crach\u00e1 de PVC - Impress\u00e3o em sublima\u00e7\u00e3o<\/div>\n\t\t\t\t\t\t\t\t\t\t\t\t<\/div>\n\t\t\t\t\t\t\t\t\t<\/a>\n\t\t\t\t\t\t\t<a class=\"e-gallery-item elementor-gallery-item elementor-animated-content\" href=\"https:\/\/relevocarimbos.com.br\/wp-content\/uploads\/2021\/01\/cracha_horizontalv2.jpg\" data-elementor-open-lightbox=\"yes\" data-elementor-lightbox-slideshow=\"all-afc84b4\" data-elementor-lightbox-title=\"Crach\u00e1 de PVC - Impress\u00e3o em sublima\u00e7\u00e3o\" data-e-action-hash=\"#elementor-action%3Aaction%3Dlightbox%26settings%3DeyJpZCI6MjI3LCJ1cmwiOiJodHRwczpcL1wvcmVsZXZvY2FyaW1ib3MuY29tLmJyXC93cC1jb250ZW50XC91cGxvYWRzXC8yMDIxXC8wMVwvY3JhY2hhX2hvcml6b250YWx2Mi5qcGciLCJzbGlkZXNob3ciOiJhbGwtYWZjODRiNCJ9\">\n\t\t\t\t\t<div class=\"e-gallery-image elementor-gallery-item__image\" data-thumbnail=\"https:\/\/relevocarimbos.com.br\/wp-content\/uploads\/2021\/01\/cracha_horizontalv2.jpg\" data-width=\"800\" data-height=\"536\" alt=\"\" ><\/div>\n\t\t\t\t\t\t\t\t\t\t<div class=\"elementor-gallery-item__overlay\"><\/div>\n\t\t\t\t\t\t\t\t\t\t\t\t\t\t\t<div class=\"elementor-gallery-item__content\">\n\t\t\t\t\t\t\t\t\t\t\t\t\t<div class=\"elementor-gallery-item__title\">Crach\u00e1 de PVC - Impress\u00e3o em sublima\u00e7\u00e3o<\/div>\n\t\t\t\t\t\t\t\t\t\t\t\t<\/div>\n\t\t\t\t\t\t\t\t\t<\/a>\n\t\t\t\t\t\t\t<a class=\"e-gallery-item elementor-gallery-item elementor-animated-content\" href=\"https:\/\/relevocarimbos.com.br\/wp-content\/uploads\/2021\/01\/cracha-pvc.jpg\" data-elementor-open-lightbox=\"yes\" data-elementor-lightbox-slideshow=\"all-afc84b4\" data-elementor-lightbox-title=\"Crach\u00e1 de PVC - Impress\u00e3o em sublima\u00e7\u00e3o\" data-e-action-hash=\"#elementor-action%3Aaction%3Dlightbox%26settings%3DeyJpZCI6MjI4LCJ1cmwiOiJodHRwczpcL1wvcmVsZXZvY2FyaW1ib3MuY29tLmJyXC93cC1jb250ZW50XC91cGxvYWRzXC8yMDIxXC8wMVwvY3JhY2hhLXB2Yy5qcGciLCJzbGlkZXNob3ciOiJhbGwtYWZjODRiNCJ9\">\n\t\t\t\t\t<div class=\"e-gallery-image elementor-gallery-item__image\" data-thumbnail=\"https:\/\/relevocarimbos.com.br\/wp-content\/uploads\/2021\/01\/cracha-pvc.jpg\" data-width=\"800\" data-height=\"536\" alt=\"\" ><\/div>\n\t\t\t\t\t\t\t\t\t\t<div class=\"elementor-gallery-item__overlay\"><\/div>\n\t\t\t\t\t\t\t\t\t\t\t\t\t\t\t<div class=\"elementor-gallery-item__content\">\n\t\t\t\t\t\t\t\t\t\t\t\t\t<div class=\"elementor-gallery-item__title\">Crach\u00e1 de PVC - Impress\u00e3o em sublima\u00e7\u00e3o<\/div>\n\t\t\t\t\t\t\t\t\t\t\t\t<\/div>\n\t\t\t\t\t\t\t\t\t<\/a>\n\t\t\t\t\t\t\t<a class=\"e-gallery-item elementor-gallery-item elementor-animated-content\" href=\"https:\/\/relevocarimbos.com.br\/wp-content\/uploads\/2021\/01\/pin_2.jpg\" data-elementor-open-lightbox=\"yes\" data-elementor-lightbox-slideshow=\"all-afc84b4\" data-elementor-lightbox-title=\"Pin para Uniforme - Personalizado\" data-e-action-hash=\"#elementor-action%3Aaction%3Dlightbox%26settings%3DeyJpZCI6MjI5LCJ1cmwiOiJodHRwczpcL1wvcmVsZXZvY2FyaW1ib3MuY29tLmJyXC93cC1jb250ZW50XC91cGxvYWRzXC8yMDIxXC8wMVwvcGluXzIuanBnIiwic2xpZGVzaG93IjoiYWxsLWFmYzg0YjQifQ%3D%3D\">\n\t\t\t\t\t<div class=\"e-gallery-image elementor-gallery-item__image\" data-thumbnail=\"https:\/\/relevocarimbos.com.br\/wp-content\/uploads\/2021\/01\/pin_2.jpg\" data-width=\"800\" data-height=\"536\" alt=\"\" ><\/div>\n\t\t\t\t\t\t\t\t\t\t<div class=\"elementor-gallery-item__overlay\"><\/div>\n\t\t\t\t\t\t\t\t\t\t\t\t\t\t\t<div class=\"elementor-gallery-item__content\">\n\t\t\t\t\t\t\t\t\t\t\t\t\t<div class=\"elementor-gallery-item__title\">Pin para Uniforme - Personalizado<\/div>\n\t\t\t\t\t\t\t\t\t\t\t\t<\/div>\n\t\t\t\t\t\t\t\t\t<\/a>\n\t\t\t\t\t\t\t<a class=\"e-gallery-item elementor-gallery-item elementor-animated-content\" href=\"https:\/\/relevocarimbos.com.br\/wp-content\/uploads\/2021\/01\/pin.jpg\" data-elementor-open-lightbox=\"yes\" data-elementor-lightbox-slideshow=\"all-afc84b4\" data-elementor-lightbox-title=\"pin\" data-e-action-hash=\"#elementor-action%3Aaction%3Dlightbox%26settings%3DeyJpZCI6MjMwLCJ1cmwiOiJodHRwczpcL1wvcmVsZXZvY2FyaW1ib3MuY29tLmJyXC93cC1jb250ZW50XC91cGxvYWRzXC8yMDIxXC8wMVwvcGluLmpwZyIsInNsaWRlc2hvdyI6ImFsbC1hZmM4NGI0In0%3D\">\n\t\t\t\t\t<div class=\"e-gallery-image elementor-gallery-item__image\" data-thumbnail=\"https:\/\/relevocarimbos.com.br\/wp-content\/uploads\/2021\/01\/pin.jpg\" data-width=\"800\" data-height=\"536\" alt=\"\" ><\/div>\n\t\t\t\t\t\t\t\t\t\t<div class=\"elementor-gallery-item__overlay\"><\/div>\n\t\t\t\t\t\t\t\t\t\t\t\t\t\t\t<div class=\"elementor-gallery-item__content\">\n\t\t\t\t\t\t\t\t\t\t\t\t\t<div class=\"elementor-gallery-item__title\">pin<\/div>\n\t\t\t\t\t\t\t\t\t\t\t\t<\/div>\n\t\t\t\t\t\t\t\t\t<\/a>\n\t\t\t\t\t<\/div>\n\t\t\t<\/div>\n\t\t\t\t<\/div>\n\t\t\t\t\t<\/div>\n\t\t<\/div>\n\t\t\t\t\t\t\t<\/div>\n\t\t<\/section>\n\t\t\t\t\t\t\t<\/div>\n\t\t","protected":false},"excerpt":{"rendered":"<p>Crach\u00e1 em A\u00e7o Escovado &#8211; Gravado em baixo relevo Crach\u00e1 em A\u00e7o Escovado &#8211; Gravado em baixo relevo Crach\u00e1 de PVC &#8211; Impress\u00e3o em sublima\u00e7\u00e3o Crach\u00e1 de PVC &#8211; Impress\u00e3o em sublima\u00e7\u00e3o Crach\u00e1 de PVC &#8211; Impress\u00e3o em sublima\u00e7\u00e3o Pin para Uniforme &#8211; Personalizado pin<\/p>\n","protected":false},"author":1,"featured_media":0,"parent":0,"menu_order":0,"comment_status":"closed","ping_status":"closed","template":"elementor_header_footer","meta":{"footnotes":""},"_links":{"self":[{"href":"https:\/\/relevocarimbos.com.br\/index.php\/wp-json\/wp\/v2\/pages\/25"}],"collection":[{"href":"https:\/\/relevocarimbos.com.br\/index.php\/wp-json\/wp\/v2\/pages"}],"about":[{"href":"https:\/\/relevocarimbos.com.br\/index.php\/wp-json\/wp\/v2\/types\/page"}],"author":[{"embeddable":true,"href":"https:\/\/relevocarimbos.com.br\/index.php\/wp-json\/wp\/v2\/users\/1"}],"replies":[{"embeddable":true,"href":"https:\/\/relevocarimbos.com.br\/index.php\/wp-json\/wp\/v2\/comments?post=25"}],"version-history":[{"count":0,"href":"https:\/\/relevocarimbos.com.br\/index.php\/wp-json\/wp\/v2\/pages\/25\/revisions"}],"wp:attachment":[{"href":"https:\/\/relevocarimbos.com.br\/index.php\/wp-json\/wp\/v2\/media?parent=25"}],"curies":[{"name":"wp","href":"https:\/\/api.w.org\/{rel}","templated":true}]}}