{"id":27,"date":"2021-01-18T14:45:13","date_gmt":"2021-01-18T14:45:13","guid":{"rendered":"https:\/\/relevocarimbos.com.br\/?page_id=27"},"modified":"2021-01-19T16:50:14","modified_gmt":"2021-01-19T16:50:14","slug":"placas-de-homenagem-e-brindes","status":"publish","type":"page","link":"https:\/\/relevocarimbos.com.br\/index.php\/placas-de-homenagem-e-brindes\/","title":{"rendered":"Placas de Homenagem e Brindes"},"content":{"rendered":"\t\t<div data-elementor-type=\"wp-page\" data-elementor-id=\"27\" class=\"elementor elementor-27\">\n\t\t\t\t\t\t\t\t\t<section class=\"elementor-section elementor-top-section elementor-element elementor-element-1639670 elementor-section-boxed elementor-section-height-default elementor-section-height-default\" data-id=\"1639670\" data-element_type=\"section\">\n\t\t\t\t\t\t<div class=\"elementor-container elementor-column-gap-default\">\n\t\t\t\t\t<div class=\"elementor-column elementor-col-100 elementor-top-column elementor-element elementor-element-0b1cee2\" data-id=\"0b1cee2\" data-element_type=\"column\">\n\t\t\t<div class=\"elementor-widget-wrap elementor-element-populated\">\n\t\t\t\t\t\t\t\t<div class=\"elementor-element elementor-element-b263394 elementor-widget elementor-widget-gallery\" data-id=\"b263394\" data-element_type=\"widget\" data-settings=\"{&quot;gallery_layout&quot;:&quot;justified&quot;,&quot;ideal_row_height&quot;:{&quot;unit&quot;:&quot;px&quot;,&quot;size&quot;:250,&quot;sizes&quot;:[]},&quot;gap&quot;:{&quot;unit&quot;:&quot;px&quot;,&quot;size&quot;:15,&quot;sizes&quot;:[]},&quot;overlay_title&quot;:&quot;title&quot;,&quot;lazyload&quot;:&quot;yes&quot;,&quot;ideal_row_height_tablet&quot;:{&quot;unit&quot;:&quot;px&quot;,&quot;size&quot;:150,&quot;sizes&quot;:[]},&quot;ideal_row_height_mobile&quot;:{&quot;unit&quot;:&quot;px&quot;,&quot;size&quot;:150,&quot;sizes&quot;:[]},&quot;gap_tablet&quot;:{&quot;unit&quot;:&quot;px&quot;,&quot;size&quot;:10,&quot;sizes&quot;:[]},&quot;gap_mobile&quot;:{&quot;unit&quot;:&quot;px&quot;,&quot;size&quot;:10,&quot;sizes&quot;:[]},&quot;link_to&quot;:&quot;file&quot;,&quot;overlay_background&quot;:&quot;yes&quot;,&quot;content_hover_animation&quot;:&quot;fade-in&quot;}\" data-widget_type=\"gallery.default\">\n\t\t\t\t<div class=\"elementor-widget-container\">\n\t\t\t\t\t<div class=\"elementor-gallery__container\">\n\t\t\t\t\t\t\t<a class=\"e-gallery-item elementor-gallery-item elementor-animated-content\" href=\"https:\/\/relevocarimbos.com.br\/wp-content\/uploads\/2021\/01\/trofeu-1.jpg\" data-elementor-open-lightbox=\"yes\" data-elementor-lightbox-slideshow=\"all-b263394\" data-elementor-lightbox-title=\"Trofeu Mod. 1 - Base de Madeira e Suporte em Acr\u00edlico\" data-e-action-hash=\"#elementor-action%3Aaction%3Dlightbox%26settings%3DeyJpZCI6MjQ0LCJ1cmwiOiJodHRwczpcL1wvcmVsZXZvY2FyaW1ib3MuY29tLmJyXC93cC1jb250ZW50XC91cGxvYWRzXC8yMDIxXC8wMVwvdHJvZmV1LTEuanBnIiwic2xpZGVzaG93IjoiYWxsLWIyNjMzOTQifQ%3D%3D\">\n\t\t\t\t\t<div class=\"e-gallery-image elementor-gallery-item__image\" data-thumbnail=\"https:\/\/relevocarimbos.com.br\/wp-content\/uploads\/2021\/01\/trofeu-1.jpg\" data-width=\"800\" data-height=\"536\" alt=\"\" ><\/div>\n\t\t\t\t\t\t\t\t\t\t<div class=\"elementor-gallery-item__overlay\"><\/div>\n\t\t\t\t\t\t\t\t\t\t\t\t\t\t\t<div class=\"elementor-gallery-item__content\">\n\t\t\t\t\t\t\t\t\t\t\t\t\t<div class=\"elementor-gallery-item__title\">Trofeu Mod. 1 - Base de Madeira e Suporte em Acr\u00edlico<\/div>\n\t\t\t\t\t\t\t\t\t\t\t\t<\/div>\n\t\t\t\t\t\t\t\t\t<\/a>\n\t\t\t\t\t\t\t<a class=\"e-gallery-item elementor-gallery-item elementor-animated-content\" href=\"https:\/\/relevocarimbos.com.br\/wp-content\/uploads\/2021\/01\/trofeu-2-1.jpg\" data-elementor-open-lightbox=\"yes\" data-elementor-lightbox-slideshow=\"all-b263394\" data-elementor-lightbox-title=\"Trofeu Mod. 2 - Base de Madeira e Suporte em Acr\u00edlico\" data-e-action-hash=\"#elementor-action%3Aaction%3Dlightbox%26settings%3DeyJpZCI6MjQ1LCJ1cmwiOiJodHRwczpcL1wvcmVsZXZvY2FyaW1ib3MuY29tLmJyXC93cC1jb250ZW50XC91cGxvYWRzXC8yMDIxXC8wMVwvdHJvZmV1LTItMS5qcGciLCJzbGlkZXNob3ciOiJhbGwtYjI2MzM5NCJ9\">\n\t\t\t\t\t<div class=\"e-gallery-image elementor-gallery-item__image\" data-thumbnail=\"https:\/\/relevocarimbos.com.br\/wp-content\/uploads\/2021\/01\/trofeu-2-1.jpg\" data-width=\"800\" data-height=\"536\" alt=\"\" ><\/div>\n\t\t\t\t\t\t\t\t\t\t<div class=\"elementor-gallery-item__overlay\"><\/div>\n\t\t\t\t\t\t\t\t\t\t\t\t\t\t\t<div class=\"elementor-gallery-item__content\">\n\t\t\t\t\t\t\t\t\t\t\t\t\t<div class=\"elementor-gallery-item__title\">Trofeu Mod. 2 - Base de Madeira e Suporte em Acr\u00edlico<\/div>\n\t\t\t\t\t\t\t\t\t\t\t\t<\/div>\n\t\t\t\t\t\t\t\t\t<\/a>\n\t\t\t\t\t\t\t<a class=\"e-gallery-item elementor-gallery-item elementor-animated-content\" href=\"https:\/\/relevocarimbos.com.br\/wp-content\/uploads\/2021\/01\/trofeu-3-1.jpg\" data-elementor-open-lightbox=\"yes\" data-elementor-lightbox-slideshow=\"all-b263394\" data-elementor-lightbox-title=\"Trofeu Mod. 3 - Base de Madeira e Suporte em Acr\u00edlico\" data-e-action-hash=\"#elementor-action%3Aaction%3Dlightbox%26settings%3DeyJpZCI6MjQ2LCJ1cmwiOiJodHRwczpcL1wvcmVsZXZvY2FyaW1ib3MuY29tLmJyXC93cC1jb250ZW50XC91cGxvYWRzXC8yMDIxXC8wMVwvdHJvZmV1LTMtMS5qcGciLCJzbGlkZXNob3ciOiJhbGwtYjI2MzM5NCJ9\">\n\t\t\t\t\t<div class=\"e-gallery-image elementor-gallery-item__image\" data-thumbnail=\"https:\/\/relevocarimbos.com.br\/wp-content\/uploads\/2021\/01\/trofeu-3-1.jpg\" data-width=\"800\" data-height=\"536\" alt=\"\" ><\/div>\n\t\t\t\t\t\t\t\t\t\t<div class=\"elementor-gallery-item__overlay\"><\/div>\n\t\t\t\t\t\t\t\t\t\t\t\t\t\t\t<div class=\"elementor-gallery-item__content\">\n\t\t\t\t\t\t\t\t\t\t\t\t\t<div class=\"elementor-gallery-item__title\">Trofeu Mod. 3 - Base de Madeira e Suporte em Acr\u00edlico<\/div>\n\t\t\t\t\t\t\t\t\t\t\t\t<\/div>\n\t\t\t\t\t\t\t\t\t<\/a>\n\t\t\t\t\t\t\t<a class=\"e-gallery-item elementor-gallery-item elementor-animated-content\" href=\"https:\/\/relevocarimbos.com.br\/wp-content\/uploads\/2021\/01\/trofeu-4-1.jpg\" data-elementor-open-lightbox=\"yes\" data-elementor-lightbox-slideshow=\"all-b263394\" data-elementor-lightbox-title=\"Trofeu Mod. 4 - Base de Vidro e Impress\u00e3o\" data-e-action-hash=\"#elementor-action%3Aaction%3Dlightbox%26settings%3DeyJpZCI6MjQ3LCJ1cmwiOiJodHRwczpcL1wvcmVsZXZvY2FyaW1ib3MuY29tLmJyXC93cC1jb250ZW50XC91cGxvYWRzXC8yMDIxXC8wMVwvdHJvZmV1LTQtMS5qcGciLCJzbGlkZXNob3ciOiJhbGwtYjI2MzM5NCJ9\">\n\t\t\t\t\t<div class=\"e-gallery-image elementor-gallery-item__image\" data-thumbnail=\"https:\/\/relevocarimbos.com.br\/wp-content\/uploads\/2021\/01\/trofeu-4-1.jpg\" data-width=\"800\" data-height=\"536\" alt=\"\" ><\/div>\n\t\t\t\t\t\t\t\t\t\t<div class=\"elementor-gallery-item__overlay\"><\/div>\n\t\t\t\t\t\t\t\t\t\t\t\t\t\t\t<div class=\"elementor-gallery-item__content\">\n\t\t\t\t\t\t\t\t\t\t\t\t\t<div class=\"elementor-gallery-item__title\">Trofeu Mod. 4 - Base de Vidro e Impress\u00e3o<\/div>\n\t\t\t\t\t\t\t\t\t\t\t\t<\/div>\n\t\t\t\t\t\t\t\t\t<\/a>\n\t\t\t\t\t\t\t<a class=\"e-gallery-item elementor-gallery-item elementor-animated-content\" href=\"https:\/\/relevocarimbos.com.br\/wp-content\/uploads\/2021\/01\/trofeu-5-1.jpg\" data-elementor-open-lightbox=\"yes\" data-elementor-lightbox-slideshow=\"all-b263394\" data-elementor-lightbox-title=\"Trofeu Mod. 5 - Base e suporte em A\u00e7o Escovado grava\u00e7\u00e3o em baixo relevo\" data-e-action-hash=\"#elementor-action%3Aaction%3Dlightbox%26settings%3DeyJpZCI6MjQ4LCJ1cmwiOiJodHRwczpcL1wvcmVsZXZvY2FyaW1ib3MuY29tLmJyXC93cC1jb250ZW50XC91cGxvYWRzXC8yMDIxXC8wMVwvdHJvZmV1LTUtMS5qcGciLCJzbGlkZXNob3ciOiJhbGwtYjI2MzM5NCJ9\">\n\t\t\t\t\t<div class=\"e-gallery-image elementor-gallery-item__image\" data-thumbnail=\"https:\/\/relevocarimbos.com.br\/wp-content\/uploads\/2021\/01\/trofeu-5-1.jpg\" data-width=\"800\" data-height=\"536\" alt=\"\" ><\/div>\n\t\t\t\t\t\t\t\t\t\t<div class=\"elementor-gallery-item__overlay\"><\/div>\n\t\t\t\t\t\t\t\t\t\t\t\t\t\t\t<div class=\"elementor-gallery-item__content\">\n\t\t\t\t\t\t\t\t\t\t\t\t\t<div class=\"elementor-gallery-item__title\">Trofeu Mod. 5 - Base e suporte em A\u00e7o Escovado grava\u00e7\u00e3o em baixo relevo<\/div>\n\t\t\t\t\t\t\t\t\t\t\t\t<\/div>\n\t\t\t\t\t\t\t\t\t<\/a>\n\t\t\t\t\t\t\t<a class=\"e-gallery-item elementor-gallery-item elementor-animated-content\" href=\"https:\/\/relevocarimbos.com.br\/wp-content\/uploads\/2021\/01\/brinde-2-2.jpg\" data-elementor-open-lightbox=\"yes\" data-elementor-lightbox-slideshow=\"all-b263394\" data-elementor-lightbox-title=\"Placa de A\u00e7o Escovado - Grava\u00e7\u00e3o em baixo relevo com estojo\" data-e-action-hash=\"#elementor-action%3Aaction%3Dlightbox%26settings%3DeyJpZCI6MjUyLCJ1cmwiOiJodHRwczpcL1wvcmVsZXZvY2FyaW1ib3MuY29tLmJyXC93cC1jb250ZW50XC91cGxvYWRzXC8yMDIxXC8wMVwvYnJpbmRlLTItMi5qcGciLCJzbGlkZXNob3ciOiJhbGwtYjI2MzM5NCJ9\">\n\t\t\t\t\t<div class=\"e-gallery-image elementor-gallery-item__image\" data-thumbnail=\"https:\/\/relevocarimbos.com.br\/wp-content\/uploads\/2021\/01\/brinde-2-2.jpg\" data-width=\"800\" data-height=\"536\" alt=\"\" ><\/div>\n\t\t\t\t\t\t\t\t\t\t<div class=\"elementor-gallery-item__overlay\"><\/div>\n\t\t\t\t\t\t\t\t\t\t\t\t\t\t\t<div class=\"elementor-gallery-item__content\">\n\t\t\t\t\t\t\t\t\t\t\t\t\t<div class=\"elementor-gallery-item__title\">Placa de A\u00e7o Escovado - Grava\u00e7\u00e3o em baixo relevo com estojo<\/div>\n\t\t\t\t\t\t\t\t\t\t\t\t<\/div>\n\t\t\t\t\t\t\t\t\t<\/a>\n\t\t\t\t\t\t\t<a class=\"e-gallery-item elementor-gallery-item elementor-animated-content\" href=\"https:\/\/relevocarimbos.com.br\/wp-content\/uploads\/2021\/01\/brinde-1-2.jpg\" data-elementor-open-lightbox=\"yes\" data-elementor-lightbox-slideshow=\"all-b263394\" data-elementor-lightbox-title=\"Placa de A\u00e7o Escovado - Grava\u00e7\u00e3o em baixo relevo com estojo\" data-e-action-hash=\"#elementor-action%3Aaction%3Dlightbox%26settings%3DeyJpZCI6MjU0LCJ1cmwiOiJodHRwczpcL1wvcmVsZXZvY2FyaW1ib3MuY29tLmJyXC93cC1jb250ZW50XC91cGxvYWRzXC8yMDIxXC8wMVwvYnJpbmRlLTEtMi5qcGciLCJzbGlkZXNob3ciOiJhbGwtYjI2MzM5NCJ9\">\n\t\t\t\t\t<div class=\"e-gallery-image elementor-gallery-item__image\" data-thumbnail=\"https:\/\/relevocarimbos.com.br\/wp-content\/uploads\/2021\/01\/brinde-1-2.jpg\" data-width=\"800\" data-height=\"536\" alt=\"\" ><\/div>\n\t\t\t\t\t\t\t\t\t\t<div class=\"elementor-gallery-item__overlay\"><\/div>\n\t\t\t\t\t\t\t\t\t\t\t\t\t\t\t<div class=\"elementor-gallery-item__content\">\n\t\t\t\t\t\t\t\t\t\t\t\t\t<div class=\"elementor-gallery-item__title\">Placa de A\u00e7o Escovado - Grava\u00e7\u00e3o em baixo relevo com estojo<\/div>\n\t\t\t\t\t\t\t\t\t\t\t\t<\/div>\n\t\t\t\t\t\t\t\t\t<\/a>\n\t\t\t\t\t\t\t<a class=\"e-gallery-item elementor-gallery-item elementor-animated-content\" href=\"https:\/\/relevocarimbos.com.br\/wp-content\/uploads\/2021\/01\/estojo-2.jpg\" data-elementor-open-lightbox=\"yes\" data-elementor-lightbox-slideshow=\"all-b263394\" data-elementor-lightbox-title=\"Estojo em Jersey - Diversos Tamanho\" data-e-action-hash=\"#elementor-action%3Aaction%3Dlightbox%26settings%3DeyJpZCI6MjUzLCJ1cmwiOiJodHRwczpcL1wvcmVsZXZvY2FyaW1ib3MuY29tLmJyXC93cC1jb250ZW50XC91cGxvYWRzXC8yMDIxXC8wMVwvZXN0b2pvLTIuanBnIiwic2xpZGVzaG93IjoiYWxsLWIyNjMzOTQifQ%3D%3D\">\n\t\t\t\t\t<div class=\"e-gallery-image elementor-gallery-item__image\" data-thumbnail=\"https:\/\/relevocarimbos.com.br\/wp-content\/uploads\/2021\/01\/estojo-2.jpg\" data-width=\"800\" data-height=\"536\" alt=\"\" ><\/div>\n\t\t\t\t\t\t\t\t\t\t<div class=\"elementor-gallery-item__overlay\"><\/div>\n\t\t\t\t\t\t\t\t\t\t\t\t\t\t\t<div class=\"elementor-gallery-item__content\">\n\t\t\t\t\t\t\t\t\t\t\t\t\t<div class=\"elementor-gallery-item__title\">Estojo em Jersey - Diversos Tamanho<\/div>\n\t\t\t\t\t\t\t\t\t\t\t\t<\/div>\n\t\t\t\t\t\t\t\t\t<\/a>\n\t\t\t\t\t<\/div>\n\t\t\t<\/div>\n\t\t\t\t<\/div>\n\t\t\t\t\t<\/div>\n\t\t<\/div>\n\t\t\t\t\t\t\t<\/div>\n\t\t<\/section>\n\t\t\t\t\t\t\t<\/div>\n\t\t","protected":false},"excerpt":{"rendered":"<p>Trofeu Mod. 1 &#8211; Base de Madeira e Suporte em Acr\u00edlico Trofeu Mod. 2 &#8211; Base de Madeira e Suporte em Acr\u00edlico Trofeu Mod. 3 &#8211; Base de Madeira e Suporte em Acr\u00edlico Trofeu Mod. 4 &#8211; Base de Vidro e Impress\u00e3o Trofeu Mod. 5 &#8211; Base e suporte em A\u00e7o Escovado grava\u00e7\u00e3o em baixo [&hellip;]<\/p>\n","protected":false},"author":1,"featured_media":0,"parent":0,"menu_order":0,"comment_status":"closed","ping_status":"closed","template":"elementor_header_footer","meta":{"footnotes":""},"_links":{"self":[{"href":"https:\/\/relevocarimbos.com.br\/index.php\/wp-json\/wp\/v2\/pages\/27"}],"collection":[{"href":"https:\/\/relevocarimbos.com.br\/index.php\/wp-json\/wp\/v2\/pages"}],"about":[{"href":"https:\/\/relevocarimbos.com.br\/index.php\/wp-json\/wp\/v2\/types\/page"}],"author":[{"embeddable":true,"href":"https:\/\/relevocarimbos.com.br\/index.php\/wp-json\/wp\/v2\/users\/1"}],"replies":[{"embeddable":true,"href":"https:\/\/relevocarimbos.com.br\/index.php\/wp-json\/wp\/v2\/comments?post=27"}],"version-history":[{"count":0,"href":"https:\/\/relevocarimbos.com.br\/index.php\/wp-json\/wp\/v2\/pages\/27\/revisions"}],"wp:attachment":[{"href":"https:\/\/relevocarimbos.com.br\/index.php\/wp-json\/wp\/v2\/media?parent=27"}],"curies":[{"name":"wp","href":"https:\/\/api.w.org\/{rel}","templated":true}]}}